{"id":713,"date":"2025-02-05T09:26:15","date_gmt":"2025-02-05T08:26:15","guid":{"rendered":"https:\/\/wordpress2402082.home.pl\/autoinstalator\/wordpressplus3\/?page_id=713"},"modified":"2026-01-27T15:05:22","modified_gmt":"2026-01-27T14:05:22","slug":"wycinanie-laserowe","status":"publish","type":"page","link":"https:\/\/engicad.pl\/index.php\/wycinanie-laserowe\/","title":{"rendered":"Wycinanie laserowe"},"content":{"rendered":"\t\t<div data-elementor-type=\"wp-page\" data-elementor-id=\"713\" class=\"elementor elementor-713\" data-elementor-post-type=\"page\">\n\t\t\t\t<div class=\"elementor-element elementor-element-e9c77a7 e-flex e-con-boxed e-con e-parent\" data-id=\"e9c77a7\" data-element_type=\"container\" data-e-type=\"container\" data-settings=\"{&quot;background_background&quot;:&quot;classic&quot;}\">\n\t\t\t\t\t<div class=\"e-con-inner\">\n\t\t<div class=\"elementor-element elementor-element-2ed6cda e-con-full e-flex e-con e-child\" data-id=\"2ed6cda\" data-element_type=\"container\" data-e-type=\"container\">\n\t\t\t\t<div class=\"elementor-element elementor-element-ec7dc25 elementor-widget elementor-widget-heading\" data-id=\"ec7dc25\" data-element_type=\"widget\" data-e-type=\"widget\" data-widget_type=\"heading.default\">\n\t\t\t\t<div class=\"elementor-widget-container\">\n\t\t\t\t\t<h1 class=\"elementor-heading-title elementor-size-default\">WYCINANIE LASEROWE<\/h1>\t\t\t\t<\/div>\n\t\t\t\t<\/div>\n\t\t\t\t<div class=\"elementor-element elementor-element-ba7cbcf elementor-widget elementor-widget-text-editor\" data-id=\"ba7cbcf\" data-element_type=\"widget\" data-e-type=\"widget\" data-widget_type=\"text-editor.default\">\n\t\t\t\t<div class=\"elementor-widget-container\">\n\t\t\t\t\t\t\t\t\t<p>Oferujemy us\u0142ugi laserowego ci\u0119cia blach na naszym\u00a0laserze \u015bwiat\u0142owodowym.<\/p><p>Gwarantujemy wysok\u0105 precyzj\u0119 oraz jako\u015b\u0107 ci\u0119cia nawet przy skomplikowanych kszta\u0142tach.<\/p><p>Oferujemy ci\u0119cie wszystkich rodzaj\u00f3w blach, profili, a tak\u017ce p\u0142yt z tworzyw. Realizujemy projekty indywidualne i seryjne.<\/p><p>Wysoka pr\u0119dko\u015b\u0107 maszyny umo\u017cliwia nam oferowanie kr\u00f3tkich termin\u00f3w realizacji zam\u00f3wie\u0144 seryjnych.<\/p><p><strong>Nasze us\u0142ugi:<\/strong><\/p><ul><li>Ci\u0119cie laserowe blach do 20 mm (stal czarna, nierdzewna, aluminium oraz inne metale i tworzywa sztuczne)<\/li><li>Gi\u0119cie blach<\/li><li>Malowanie proszkowe<\/li><li>Spawanie<\/li><li>Dostawa gotowych element\u00f3w na miejsce<\/li><\/ul>\t\t\t\t\t\t\t\t<\/div>\n\t\t\t\t<\/div>\n\t\t\t\t<\/div>\n\t\t<div class=\"elementor-element elementor-element-86b4b0f e-con-full e-flex e-con e-child\" data-id=\"86b4b0f\" data-element_type=\"container\" data-e-type=\"container\">\n\t\t\t\t<div class=\"elementor-element elementor-element-0545235 elementor-widget elementor-widget-gallery\" data-id=\"0545235\" data-element_type=\"widget\" data-e-type=\"widget\" data-settings=\"{&quot;columns&quot;:3,&quot;aspect_ratio&quot;:&quot;4:3&quot;,&quot;lazyload&quot;:&quot;yes&quot;,&quot;gallery_layout&quot;:&quot;grid&quot;,&quot;columns_tablet&quot;:2,&quot;columns_mobile&quot;:1,&quot;gap&quot;:{&quot;unit&quot;:&quot;px&quot;,&quot;size&quot;:10,&quot;sizes&quot;:[]},&quot;gap_tablet&quot;:{&quot;unit&quot;:&quot;px&quot;,&quot;size&quot;:10,&quot;sizes&quot;:[]},&quot;gap_mobile&quot;:{&quot;unit&quot;:&quot;px&quot;,&quot;size&quot;:10,&quot;sizes&quot;:[]},&quot;link_to&quot;:&quot;file&quot;,&quot;overlay_background&quot;:&quot;yes&quot;,&quot;content_hover_animation&quot;:&quot;fade-in&quot;}\" data-widget_type=\"gallery.default\">\n\t\t\t\t<div class=\"elementor-widget-container\">\n\t\t\t\t\t\t\t<div class=\"elementor-gallery__container\">\n\t\t\t\t\t\t\t<a class=\"e-gallery-item elementor-gallery-item elementor-animated-content\" href=\"http:\/\/engicad.pl\/wp-content\/uploads\/2026\/01\/20250606_145414-scaled.jpg\" data-elementor-open-lightbox=\"yes\" data-elementor-lightbox-slideshow=\"0545235\" data-elementor-lightbox-title=\"20250606_145414\" data-e-action-hash=\"#elementor-action%3Aaction%3Dlightbox%26settings%3DeyJpZCI6MTI5MiwidXJsIjoiaHR0cDpcL1wvZW5naWNhZC5wbFwvd3AtY29udGVudFwvdXBsb2Fkc1wvMjAyNlwvMDFcLzIwMjUwNjA2XzE0NTQxNC1zY2FsZWQuanBnIiwic2xpZGVzaG93IjoiMDU0NTIzNSJ9\">\n\t\t\t\t\t<div class=\"e-gallery-image elementor-gallery-item__image\" data-thumbnail=\"http:\/\/engicad.pl\/wp-content\/uploads\/2026\/01\/20250606_145414-scaled.jpg\" data-width=\"1920\" data-height=\"2560\" aria-label=\"\" role=\"img\" ><\/div>\n\t\t\t\t\t\t\t\t\t\t\t<div class=\"elementor-gallery-item__overlay\"><\/div>\n\t\t\t\t\t\t\t\t\t\t\t\t\t\t<\/a>\n\t\t\t\t\t\t\t<a class=\"e-gallery-item elementor-gallery-item elementor-animated-content\" href=\"http:\/\/engicad.pl\/wp-content\/uploads\/2026\/01\/20250624_095540-scaled.jpg\" data-elementor-open-lightbox=\"yes\" data-elementor-lightbox-slideshow=\"0545235\" data-elementor-lightbox-title=\"20250624_095540\" data-e-action-hash=\"#elementor-action%3Aaction%3Dlightbox%26settings%3DeyJpZCI6MTI5MywidXJsIjoiaHR0cDpcL1wvZW5naWNhZC5wbFwvd3AtY29udGVudFwvdXBsb2Fkc1wvMjAyNlwvMDFcLzIwMjUwNjI0XzA5NTU0MC1zY2FsZWQuanBnIiwic2xpZGVzaG93IjoiMDU0NTIzNSJ9\">\n\t\t\t\t\t<div class=\"e-gallery-image elementor-gallery-item__image\" data-thumbnail=\"http:\/\/engicad.pl\/wp-content\/uploads\/2026\/01\/20250624_095540-scaled.jpg\" data-width=\"1920\" data-height=\"2560\" aria-label=\"\" role=\"img\" ><\/div>\n\t\t\t\t\t\t\t\t\t\t\t<div class=\"elementor-gallery-item__overlay\"><\/div>\n\t\t\t\t\t\t\t\t\t\t\t\t\t\t<\/a>\n\t\t\t\t\t\t\t<a class=\"e-gallery-item elementor-gallery-item elementor-animated-content\" href=\"http:\/\/engicad.pl\/wp-content\/uploads\/2026\/01\/20250626_143133-scaled.jpg\" data-elementor-open-lightbox=\"yes\" data-elementor-lightbox-slideshow=\"0545235\" data-elementor-lightbox-title=\"20250626_143133\" data-e-action-hash=\"#elementor-action%3Aaction%3Dlightbox%26settings%3DeyJpZCI6MTI5NCwidXJsIjoiaHR0cDpcL1wvZW5naWNhZC5wbFwvd3AtY29udGVudFwvdXBsb2Fkc1wvMjAyNlwvMDFcLzIwMjUwNjI2XzE0MzEzMy1zY2FsZWQuanBnIiwic2xpZGVzaG93IjoiMDU0NTIzNSJ9\">\n\t\t\t\t\t<div class=\"e-gallery-image elementor-gallery-item__image\" data-thumbnail=\"http:\/\/engicad.pl\/wp-content\/uploads\/2026\/01\/20250626_143133-scaled.jpg\" data-width=\"1920\" data-height=\"2560\" aria-label=\"\" role=\"img\" ><\/div>\n\t\t\t\t\t\t\t\t\t\t\t<div class=\"elementor-gallery-item__overlay\"><\/div>\n\t\t\t\t\t\t\t\t\t\t\t\t\t\t<\/a>\n\t\t\t\t\t\t\t<a class=\"e-gallery-item elementor-gallery-item elementor-animated-content\" href=\"http:\/\/engicad.pl\/wp-content\/uploads\/2026\/01\/20250703_125756-scaled.jpg\" data-elementor-open-lightbox=\"yes\" data-elementor-lightbox-slideshow=\"0545235\" data-elementor-lightbox-title=\"20250703_125756\" data-e-action-hash=\"#elementor-action%3Aaction%3Dlightbox%26settings%3DeyJpZCI6MTI5NiwidXJsIjoiaHR0cDpcL1wvZW5naWNhZC5wbFwvd3AtY29udGVudFwvdXBsb2Fkc1wvMjAyNlwvMDFcLzIwMjUwNzAzXzEyNTc1Ni1zY2FsZWQuanBnIiwic2xpZGVzaG93IjoiMDU0NTIzNSJ9\">\n\t\t\t\t\t<div class=\"e-gallery-image elementor-gallery-item__image\" data-thumbnail=\"http:\/\/engicad.pl\/wp-content\/uploads\/2026\/01\/20250703_125756-scaled.jpg\" data-width=\"2560\" data-height=\"1920\" aria-label=\"\" role=\"img\" ><\/div>\n\t\t\t\t\t\t\t\t\t\t\t<div class=\"elementor-gallery-item__overlay\"><\/div>\n\t\t\t\t\t\t\t\t\t\t\t\t\t\t<\/a>\n\t\t\t\t\t\t\t<a class=\"e-gallery-item elementor-gallery-item elementor-animated-content\" href=\"http:\/\/engicad.pl\/wp-content\/uploads\/2026\/01\/20250703_152227-scaled.jpg\" data-elementor-open-lightbox=\"yes\" data-elementor-lightbox-slideshow=\"0545235\" data-elementor-lightbox-title=\"20250703_152227\" data-e-action-hash=\"#elementor-action%3Aaction%3Dlightbox%26settings%3DeyJpZCI6MTI5NywidXJsIjoiaHR0cDpcL1wvZW5naWNhZC5wbFwvd3AtY29udGVudFwvdXBsb2Fkc1wvMjAyNlwvMDFcLzIwMjUwNzAzXzE1MjIyNy1zY2FsZWQuanBnIiwic2xpZGVzaG93IjoiMDU0NTIzNSJ9\">\n\t\t\t\t\t<div class=\"e-gallery-image elementor-gallery-item__image\" data-thumbnail=\"http:\/\/engicad.pl\/wp-content\/uploads\/2026\/01\/20250703_152227-scaled.jpg\" data-width=\"1920\" data-height=\"2560\" aria-label=\"\" role=\"img\" ><\/div>\n\t\t\t\t\t\t\t\t\t\t\t<div class=\"elementor-gallery-item__overlay\"><\/div>\n\t\t\t\t\t\t\t\t\t\t\t\t\t\t<\/a>\n\t\t\t\t\t\t\t<a class=\"e-gallery-item elementor-gallery-item elementor-animated-content\" href=\"http:\/\/engicad.pl\/wp-content\/uploads\/2026\/01\/20250718_100251-scaled.jpg\" data-elementor-open-lightbox=\"yes\" data-elementor-lightbox-slideshow=\"0545235\" data-elementor-lightbox-title=\"20250718_100251\" data-e-action-hash=\"#elementor-action%3Aaction%3Dlightbox%26settings%3DeyJpZCI6MTI5OCwidXJsIjoiaHR0cDpcL1wvZW5naWNhZC5wbFwvd3AtY29udGVudFwvdXBsb2Fkc1wvMjAyNlwvMDFcLzIwMjUwNzE4XzEwMDI1MS1zY2FsZWQuanBnIiwic2xpZGVzaG93IjoiMDU0NTIzNSJ9\">\n\t\t\t\t\t<div class=\"e-gallery-image elementor-gallery-item__image\" data-thumbnail=\"http:\/\/engicad.pl\/wp-content\/uploads\/2026\/01\/20250718_100251-scaled.jpg\" data-width=\"2560\" data-height=\"1920\" aria-label=\"\" role=\"img\" ><\/div>\n\t\t\t\t\t\t\t\t\t\t\t<div class=\"elementor-gallery-item__overlay\"><\/div>\n\t\t\t\t\t\t\t\t\t\t\t\t\t\t<\/a>\n\t\t\t\t\t\t\t<a class=\"e-gallery-item elementor-gallery-item elementor-animated-content\" href=\"http:\/\/engicad.pl\/wp-content\/uploads\/2026\/01\/20250718_100339-scaled.jpg\" data-elementor-open-lightbox=\"yes\" data-elementor-lightbox-slideshow=\"0545235\" data-elementor-lightbox-title=\"20250718_100339\" data-e-action-hash=\"#elementor-action%3Aaction%3Dlightbox%26settings%3DeyJpZCI6MTI5OSwidXJsIjoiaHR0cDpcL1wvZW5naWNhZC5wbFwvd3AtY29udGVudFwvdXBsb2Fkc1wvMjAyNlwvMDFcLzIwMjUwNzE4XzEwMDMzOS1zY2FsZWQuanBnIiwic2xpZGVzaG93IjoiMDU0NTIzNSJ9\">\n\t\t\t\t\t<div class=\"e-gallery-image elementor-gallery-item__image\" data-thumbnail=\"http:\/\/engicad.pl\/wp-content\/uploads\/2026\/01\/20250718_100339-scaled.jpg\" data-width=\"1920\" data-height=\"2560\" aria-label=\"\" role=\"img\" ><\/div>\n\t\t\t\t\t\t\t\t\t\t\t<div class=\"elementor-gallery-item__overlay\"><\/div>\n\t\t\t\t\t\t\t\t\t\t\t\t\t\t<\/a>\n\t\t\t\t\t\t\t<a class=\"e-gallery-item elementor-gallery-item elementor-animated-content\" href=\"http:\/\/engicad.pl\/wp-content\/uploads\/2026\/01\/20250718_100405-scaled.jpg\" data-elementor-open-lightbox=\"yes\" data-elementor-lightbox-slideshow=\"0545235\" data-elementor-lightbox-title=\"20250718_100405\" data-e-action-hash=\"#elementor-action%3Aaction%3Dlightbox%26settings%3DeyJpZCI6MTMwMCwidXJsIjoiaHR0cDpcL1wvZW5naWNhZC5wbFwvd3AtY29udGVudFwvdXBsb2Fkc1wvMjAyNlwvMDFcLzIwMjUwNzE4XzEwMDQwNS1zY2FsZWQuanBnIiwic2xpZGVzaG93IjoiMDU0NTIzNSJ9\">\n\t\t\t\t\t<div class=\"e-gallery-image elementor-gallery-item__image\" data-thumbnail=\"http:\/\/engicad.pl\/wp-content\/uploads\/2026\/01\/20250718_100405-scaled.jpg\" data-width=\"1920\" data-height=\"2560\" aria-label=\"\" role=\"img\" ><\/div>\n\t\t\t\t\t\t\t\t\t\t\t<div class=\"elementor-gallery-item__overlay\"><\/div>\n\t\t\t\t\t\t\t\t\t\t\t\t\t\t<\/a>\n\t\t\t\t\t<\/div>\n\t\t\t\t\t<\/div>\n\t\t\t\t<\/div>\n\t\t\t\t<\/div>\n\t\t\t\t\t<\/div>\n\t\t\t\t<\/div>\n\t\t\t\t<\/div>\n\t\t","protected":false},"excerpt":{"rendered":"<p>WYCINANIE LASEROWE Oferujemy us\u0142ugi laserowego ci\u0119cia blach na naszym\u00a0laserze \u015bwiat\u0142owodowym. Gwarantujemy wysok\u0105 precyzj\u0119 oraz jako\u015b\u0107 ci\u0119cia nawet przy skomplikowanych kszta\u0142tach. Oferujemy ci\u0119cie wszystkich rodzaj\u00f3w blach, profili, a tak\u017ce p\u0142yt z tworzyw. Realizujemy projekty indywidualne i seryjne. Wysoka pr\u0119dko\u015b\u0107 maszyny umo\u017cliwia nam oferowanie kr\u00f3tkich termin\u00f3w realizacji zam\u00f3wie\u0144 seryjnych. Nasze us\u0142ugi: Ci\u0119cie laserowe blach do 20 mm [&hellip;]<\/p>\n","protected":false},"author":1,"featured_media":0,"parent":0,"menu_order":0,"comment_status":"closed","ping_status":"closed","template":"","meta":{"inline_featured_image":false,"footnotes":""},"class_list":["post-713","page","type-page","status-publish","hentry"],"yoast_head":"<!-- This site is optimized with the Yoast SEO plugin v27.5 - https:\/\/yoast.com\/product\/yoast-seo-wordpress\/ -->\n<title>Wycinanie laserowe - EngiCAD Solutions<\/title>\n<meta name=\"robots\" content=\"index, follow, max-snippet:-1, max-image-preview:large, max-video-preview:-1\" \/>\n<link rel=\"canonical\" href=\"https:\/\/engicad.pl\/index.php\/wycinanie-laserowe\/\" \/>\n<meta property=\"og:locale\" content=\"pl_PL\" \/>\n<meta property=\"og:type\" content=\"article\" \/>\n<meta property=\"og:title\" content=\"Wycinanie laserowe - EngiCAD Solutions\" \/>\n<meta property=\"og:description\" content=\"WYCINANIE LASEROWE Oferujemy us\u0142ugi laserowego ci\u0119cia blach na naszym\u00a0laserze \u015bwiat\u0142owodowym. Gwarantujemy wysok\u0105 precyzj\u0119 oraz jako\u015b\u0107 ci\u0119cia nawet przy skomplikowanych kszta\u0142tach. Oferujemy ci\u0119cie wszystkich rodzaj\u00f3w blach, profili, a tak\u017ce p\u0142yt z tworzyw. Realizujemy projekty indywidualne i seryjne. Wysoka pr\u0119dko\u015b\u0107 maszyny umo\u017cliwia nam oferowanie kr\u00f3tkich termin\u00f3w realizacji zam\u00f3wie\u0144 seryjnych. Nasze us\u0142ugi: Ci\u0119cie laserowe blach do 20 mm [&hellip;]\" \/>\n<meta property=\"og:url\" content=\"https:\/\/engicad.pl\/index.php\/wycinanie-laserowe\/\" \/>\n<meta property=\"og:site_name\" content=\"EngiCAD Solutions\" \/>\n<meta property=\"article:modified_time\" content=\"2026-01-27T14:05:22+00:00\" \/>\n<meta name=\"twitter:card\" content=\"summary_large_image\" \/>\n<meta name=\"twitter:label1\" content=\"Szacowany czas czytania\" \/>\n\t<meta name=\"twitter:data1\" content=\"1 minuta\" \/>\n<script type=\"application\/ld+json\" class=\"yoast-schema-graph\">{\"@context\":\"https:\\\/\\\/schema.org\",\"@graph\":[{\"@type\":\"WebPage\",\"@id\":\"https:\\\/\\\/engicad.pl\\\/index.php\\\/wycinanie-laserowe\\\/\",\"url\":\"https:\\\/\\\/engicad.pl\\\/index.php\\\/wycinanie-laserowe\\\/\",\"name\":\"Wycinanie laserowe - EngiCAD Solutions\",\"isPartOf\":{\"@id\":\"https:\\\/\\\/engicad.pl\\\/#website\"},\"datePublished\":\"2025-02-05T08:26:15+00:00\",\"dateModified\":\"2026-01-27T14:05:22+00:00\",\"breadcrumb\":{\"@id\":\"https:\\\/\\\/engicad.pl\\\/index.php\\\/wycinanie-laserowe\\\/#breadcrumb\"},\"inLanguage\":\"pl-PL\",\"potentialAction\":[{\"@type\":\"ReadAction\",\"target\":[\"https:\\\/\\\/engicad.pl\\\/index.php\\\/wycinanie-laserowe\\\/\"]}]},{\"@type\":\"BreadcrumbList\",\"@id\":\"https:\\\/\\\/engicad.pl\\\/index.php\\\/wycinanie-laserowe\\\/#breadcrumb\",\"itemListElement\":[{\"@type\":\"ListItem\",\"position\":1,\"name\":\"Strona g\u0142\u00f3wna\",\"item\":\"http:\\\/\\\/engicad.pl\\\/\"},{\"@type\":\"ListItem\",\"position\":2,\"name\":\"Wycinanie laserowe\"}]},{\"@type\":\"WebSite\",\"@id\":\"https:\\\/\\\/engicad.pl\\\/#website\",\"url\":\"https:\\\/\\\/engicad.pl\\\/\",\"name\":\"EngiCAD Solutions\",\"description\":\"In\u017cynieria mechaniczna\",\"publisher\":{\"@id\":\"https:\\\/\\\/engicad.pl\\\/#organization\"},\"potentialAction\":[{\"@type\":\"SearchAction\",\"target\":{\"@type\":\"EntryPoint\",\"urlTemplate\":\"https:\\\/\\\/engicad.pl\\\/?s={search_term_string}\"},\"query-input\":{\"@type\":\"PropertyValueSpecification\",\"valueRequired\":true,\"valueName\":\"search_term_string\"}}],\"inLanguage\":\"pl-PL\"},{\"@type\":\"Organization\",\"@id\":\"https:\\\/\\\/engicad.pl\\\/#organization\",\"name\":\"EngiCAD Solutions\",\"url\":\"https:\\\/\\\/engicad.pl\\\/\",\"logo\":{\"@type\":\"ImageObject\",\"inLanguage\":\"pl-PL\",\"@id\":\"https:\\\/\\\/engicad.pl\\\/#\\\/schema\\\/logo\\\/image\\\/\",\"url\":\"https:\\\/\\\/engicad.pl\\\/wp-content\\\/uploads\\\/2025\\\/01\\\/LOGO-new-czarne-waskie-e1756219890321.png\",\"contentUrl\":\"https:\\\/\\\/engicad.pl\\\/wp-content\\\/uploads\\\/2025\\\/01\\\/LOGO-new-czarne-waskie-e1756219890321.png\",\"width\":679,\"height\":190,\"caption\":\"EngiCAD Solutions\"},\"image\":{\"@id\":\"https:\\\/\\\/engicad.pl\\\/#\\\/schema\\\/logo\\\/image\\\/\"}}]}<\/script>\n<!-- \/ Yoast SEO plugin. -->","yoast_head_json":{"title":"Wycinanie laserowe - EngiCAD Solutions","robots":{"index":"index","follow":"follow","max-snippet":"max-snippet:-1","max-image-preview":"max-image-preview:large","max-video-preview":"max-video-preview:-1"},"canonical":"https:\/\/engicad.pl\/index.php\/wycinanie-laserowe\/","og_locale":"pl_PL","og_type":"article","og_title":"Wycinanie laserowe - EngiCAD Solutions","og_description":"WYCINANIE LASEROWE Oferujemy us\u0142ugi laserowego ci\u0119cia blach na naszym\u00a0laserze \u015bwiat\u0142owodowym. Gwarantujemy wysok\u0105 precyzj\u0119 oraz jako\u015b\u0107 ci\u0119cia nawet przy skomplikowanych kszta\u0142tach. Oferujemy ci\u0119cie wszystkich rodzaj\u00f3w blach, profili, a tak\u017ce p\u0142yt z tworzyw. Realizujemy projekty indywidualne i seryjne. Wysoka pr\u0119dko\u015b\u0107 maszyny umo\u017cliwia nam oferowanie kr\u00f3tkich termin\u00f3w realizacji zam\u00f3wie\u0144 seryjnych. Nasze us\u0142ugi: Ci\u0119cie laserowe blach do 20 mm [&hellip;]","og_url":"https:\/\/engicad.pl\/index.php\/wycinanie-laserowe\/","og_site_name":"EngiCAD Solutions","article_modified_time":"2026-01-27T14:05:22+00:00","twitter_card":"summary_large_image","twitter_misc":{"Szacowany czas czytania":"1 minuta"},"schema":{"@context":"https:\/\/schema.org","@graph":[{"@type":"WebPage","@id":"https:\/\/engicad.pl\/index.php\/wycinanie-laserowe\/","url":"https:\/\/engicad.pl\/index.php\/wycinanie-laserowe\/","name":"Wycinanie laserowe - EngiCAD Solutions","isPartOf":{"@id":"https:\/\/engicad.pl\/#website"},"datePublished":"2025-02-05T08:26:15+00:00","dateModified":"2026-01-27T14:05:22+00:00","breadcrumb":{"@id":"https:\/\/engicad.pl\/index.php\/wycinanie-laserowe\/#breadcrumb"},"inLanguage":"pl-PL","potentialAction":[{"@type":"ReadAction","target":["https:\/\/engicad.pl\/index.php\/wycinanie-laserowe\/"]}]},{"@type":"BreadcrumbList","@id":"https:\/\/engicad.pl\/index.php\/wycinanie-laserowe\/#breadcrumb","itemListElement":[{"@type":"ListItem","position":1,"name":"Strona g\u0142\u00f3wna","item":"http:\/\/engicad.pl\/"},{"@type":"ListItem","position":2,"name":"Wycinanie laserowe"}]},{"@type":"WebSite","@id":"https:\/\/engicad.pl\/#website","url":"https:\/\/engicad.pl\/","name":"EngiCAD Solutions","description":"In\u017cynieria mechaniczna","publisher":{"@id":"https:\/\/engicad.pl\/#organization"},"potentialAction":[{"@type":"SearchAction","target":{"@type":"EntryPoint","urlTemplate":"https:\/\/engicad.pl\/?s={search_term_string}"},"query-input":{"@type":"PropertyValueSpecification","valueRequired":true,"valueName":"search_term_string"}}],"inLanguage":"pl-PL"},{"@type":"Organization","@id":"https:\/\/engicad.pl\/#organization","name":"EngiCAD Solutions","url":"https:\/\/engicad.pl\/","logo":{"@type":"ImageObject","inLanguage":"pl-PL","@id":"https:\/\/engicad.pl\/#\/schema\/logo\/image\/","url":"https:\/\/engicad.pl\/wp-content\/uploads\/2025\/01\/LOGO-new-czarne-waskie-e1756219890321.png","contentUrl":"https:\/\/engicad.pl\/wp-content\/uploads\/2025\/01\/LOGO-new-czarne-waskie-e1756219890321.png","width":679,"height":190,"caption":"EngiCAD Solutions"},"image":{"@id":"https:\/\/engicad.pl\/#\/schema\/logo\/image\/"}}]}},"_links":{"self":[{"href":"https:\/\/engicad.pl\/index.php\/wp-json\/wp\/v2\/pages\/713","targetHints":{"allow":["GET"]}}],"collection":[{"href":"https:\/\/engicad.pl\/index.php\/wp-json\/wp\/v2\/pages"}],"about":[{"href":"https:\/\/engicad.pl\/index.php\/wp-json\/wp\/v2\/types\/page"}],"author":[{"embeddable":true,"href":"https:\/\/engicad.pl\/index.php\/wp-json\/wp\/v2\/users\/1"}],"replies":[{"embeddable":true,"href":"https:\/\/engicad.pl\/index.php\/wp-json\/wp\/v2\/comments?post=713"}],"version-history":[{"count":16,"href":"https:\/\/engicad.pl\/index.php\/wp-json\/wp\/v2\/pages\/713\/revisions"}],"predecessor-version":[{"id":1303,"href":"https:\/\/engicad.pl\/index.php\/wp-json\/wp\/v2\/pages\/713\/revisions\/1303"}],"wp:attachment":[{"href":"https:\/\/engicad.pl\/index.php\/wp-json\/wp\/v2\/media?parent=713"}],"curies":[{"name":"wp","href":"https:\/\/api.w.org\/{rel}","templated":true}]}}